{"id":203,"date":"2026-02-11T18:57:11","date_gmt":"2026-02-11T18:57:11","guid":{"rendered":"https:\/\/www.rhenunaturaleza.cl\/?post_type=product&#038;p=203"},"modified":"2026-02-19T17:33:57","modified_gmt":"2026-02-19T17:33:57","slug":"astrotour-cielo-profundo","status":"publish","type":"product","link":"https:\/\/www.rhenunaturaleza.cl\/en\/product\/astrotour-cielo-profundo\/","title":{"rendered":"AstroTour: Deep Sky"},"content":{"rendered":"<p>An experience of astroturismo safety pin in the Cajon del Maipo with clear skies and dark, ideal for astronomical observation, particularly away from the light pollution of the city. This itinerary is designed for an immersive experience of observing astronomical objects, stars, constellations and deep-sky of our galaxy. This experience includes a talk on astronomy, observation with telescopes, with a workshop of astrophotography, evening cocktail and professional photographs with the starry sky.<\/p>","protected":false},"excerpt":{"rendered":"<p>Minimum order quantity: 3 people<br \/>\nMaximum quantity: 12 people<\/p>","protected":false},"featured_media":564,"comment_status":"open","ping_status":"closed","template":"","meta":{"site-sidebar-layout":"default","site-content-layout":"","ast-site-content-layout":"default","site-content-style":"default","site-sidebar-style":"default","ast-global-header-display":"","ast-banner-title-visibility":"","ast-main-header-display":"","ast-hfb-above-header-display":"","ast-hfb-below-header-display":"","ast-hfb-mobile-header-display":"","site-post-title":"","ast-breadcrumbs-content":"","ast-featured-img":"","footer-sml-layout":"","ast-disable-related-posts":"","theme-transparent-header-meta":"default","adv-header-id-meta":"","stick-header-meta":"","header-above-stick-meta":"","header-main-stick-meta":"","header-below-stick-meta":"","astra-migrate-meta-layouts":"set","ast-page-background-enabled":"default","ast-page-background-meta":{"desktop":{"background-color":"var(--ast-global-color-5)","background-image":"","background-repeat":"repeat","background-position":"center center","background-size":"auto","background-attachment":"scroll","background-type":"","background-media":"","overlay-type":"","overlay-color":"","overlay-opacity":"","overlay-gradient":""},"tablet":{"background-color":"","background-image":"","background-repeat":"repeat","background-position":"center center","background-size":"auto","background-attachment":"scroll","background-type":"","background-media":"","overlay-type":"","overlay-color":"","overlay-opacity":"","overlay-gradient":""},"mobile":{"background-color":"","background-image":"","background-repeat":"repeat","background-position":"center center","background-size":"auto","background-attachment":"scroll","background-type":"","background-media":"","overlay-type":"","overlay-color":"","overlay-opacity":"","overlay-gradient":""}},"ast-content-background-meta":{"desktop":{"background-color":"var(--ast-global-color-4)","background-image":"","background-repeat":"repeat","background-position":"center center","background-size":"auto","background-attachment":"scroll","background-type":"","background-media":"","overlay-type":"","overlay-color":"","overlay-opacity":"","overlay-gradient":""},"tablet":{"background-color":"var(--ast-global-color-4)","background-image":"","background-repeat":"repeat","background-position":"center center","background-size":"auto","background-attachment":"scroll","background-type":"","background-media":"","overlay-type":"","overlay-color":"","overlay-opacity":"","overlay-gradient":""},"mobile":{"background-color":"var(--ast-global-color-4)","background-image":"","background-repeat":"repeat","background-position":"center center","background-size":"auto","background-attachment":"scroll","background-type":"","background-media":"","overlay-type":"","overlay-color":"","overlay-opacity":"","overlay-gradient":""}}},"product_brand":[],"product_cat":[24],"product_tag":[],"class_list":{"0":"post-203","1":"product","2":"type-product","3":"status-publish","4":"has-post-thumbnail","6":"product_cat-astro-tours","7":"desktop-align-left","8":"tablet-align-left","9":"mobile-align-left","11":"first","12":"instock","13":"sold-individually","14":"taxable","15":"shipping-taxable","16":"purchasable","17":"product-type-booking"},"yoast_head":"<!-- This site is optimized with the Yoast SEO plugin v27.0 - https:\/\/yoast.com\/product\/yoast-seo-wordpress\/ -->\n<title>AstroTour: Cielo Profundo - Rhen\u00fc Naturaleza<\/title>\n<meta name=\"robots\" content=\"index, follow, max-snippet:-1, max-image-preview:large, max-video-preview:-1\" \/>\n<link rel=\"canonical\" href=\"https:\/\/www.rhenunaturaleza.cl\/en\/product\/astrotour-cielo-profundo\/\" \/>\n<meta property=\"og:locale\" content=\"en_US\" \/>\n<meta property=\"og:type\" content=\"article\" \/>\n<meta property=\"og:title\" content=\"AstroTour: Cielo Profundo - Rhen\u00fc Naturaleza\" \/>\n<meta property=\"og:description\" content=\"Cantidad m\u00ednima: 3 personas Cantidad m\u00e1xima: 12 personas\" \/>\n<meta property=\"og:url\" content=\"https:\/\/www.rhenunaturaleza.cl\/en\/product\/astrotour-cielo-profundo\/\" \/>\n<meta property=\"og:site_name\" content=\"Rhen\u00fc Naturaleza\" \/>\n<meta property=\"article:modified_time\" content=\"2026-02-19T17:33:57+00:00\" \/>\n<meta property=\"og:image\" content=\"https:\/\/www.rhenunaturaleza.cl\/wp-content\/uploads\/2026\/02\/1-1.webp\" \/>\n\t<meta property=\"og:image:width\" content=\"600\" \/>\n\t<meta property=\"og:image:height\" content=\"480\" \/>\n\t<meta property=\"og:image:type\" content=\"image\/webp\" \/>\n<meta name=\"twitter:card\" content=\"summary_large_image\" \/>\n<script type=\"application\/ld+json\" class=\"yoast-schema-graph\">{\"@context\":\"https:\/\/schema.org\",\"@graph\":[{\"@type\":\"WebPage\",\"@id\":\"https:\/\/www.rhenunaturaleza.cl\/en\/product\/astrotour-cielo-profundo\/\",\"url\":\"https:\/\/www.rhenunaturaleza.cl\/en\/product\/astrotour-cielo-profundo\/\",\"name\":\"AstroTour: Cielo Profundo - Rhen\u00fc Naturaleza\",\"isPartOf\":{\"@id\":\"https:\/\/www.rhenunaturaleza.cl\/#website\"},\"primaryImageOfPage\":{\"@id\":\"https:\/\/www.rhenunaturaleza.cl\/en\/product\/astrotour-cielo-profundo\/#primaryimage\"},\"image\":{\"@id\":\"https:\/\/www.rhenunaturaleza.cl\/en\/product\/astrotour-cielo-profundo\/#primaryimage\"},\"thumbnailUrl\":\"https:\/\/www.rhenunaturaleza.cl\/wp-content\/uploads\/2026\/02\/1-1.webp\",\"datePublished\":\"2026-02-11T18:57:11+00:00\",\"dateModified\":\"2026-02-19T17:33:57+00:00\",\"breadcrumb\":{\"@id\":\"https:\/\/www.rhenunaturaleza.cl\/en\/product\/astrotour-cielo-profundo\/#breadcrumb\"},\"inLanguage\":\"en-US\",\"potentialAction\":[{\"@type\":\"ReadAction\",\"target\":[\"https:\/\/www.rhenunaturaleza.cl\/en\/product\/astrotour-cielo-profundo\/\"]}]},{\"@type\":\"ImageObject\",\"inLanguage\":\"en-US\",\"@id\":\"https:\/\/www.rhenunaturaleza.cl\/en\/product\/astrotour-cielo-profundo\/#primaryimage\",\"url\":\"https:\/\/www.rhenunaturaleza.cl\/wp-content\/uploads\/2026\/02\/1-1.webp\",\"contentUrl\":\"https:\/\/www.rhenunaturaleza.cl\/wp-content\/uploads\/2026\/02\/1-1.webp\",\"width\":600,\"height\":480},{\"@type\":\"BreadcrumbList\",\"@id\":\"https:\/\/www.rhenunaturaleza.cl\/en\/product\/astrotour-cielo-profundo\/#breadcrumb\",\"itemListElement\":[{\"@type\":\"ListItem\",\"position\":1,\"name\":\"Portada\",\"item\":\"https:\/\/www.rhenunaturaleza.cl\/\"},{\"@type\":\"ListItem\",\"position\":2,\"name\":\"Experiencias\",\"item\":\"https:\/\/www.rhenunaturaleza.cl\/tienda\/\"},{\"@type\":\"ListItem\",\"position\":3,\"name\":\"AstroTour: Cielo Profundo\"}]},{\"@type\":\"WebSite\",\"@id\":\"https:\/\/www.rhenunaturaleza.cl\/#website\",\"url\":\"https:\/\/www.rhenunaturaleza.cl\/\",\"name\":\"Rhen\u00fc Naturaleza\",\"description\":\"Tours Caj\u00f3n del Maipo\",\"publisher\":{\"@id\":\"https:\/\/www.rhenunaturaleza.cl\/#organization\"},\"potentialAction\":[{\"@type\":\"SearchAction\",\"target\":{\"@type\":\"EntryPoint\",\"urlTemplate\":\"https:\/\/www.rhenunaturaleza.cl\/?s={search_term_string}\"},\"query-input\":{\"@type\":\"PropertyValueSpecification\",\"valueRequired\":true,\"valueName\":\"search_term_string\"}}],\"inLanguage\":\"en-US\"},{\"@type\":\"Organization\",\"@id\":\"https:\/\/www.rhenunaturaleza.cl\/#organization\",\"name\":\"Rhen\u00fc Naturaleza\",\"url\":\"https:\/\/www.rhenunaturaleza.cl\/\",\"logo\":{\"@type\":\"ImageObject\",\"inLanguage\":\"en-US\",\"@id\":\"https:\/\/www.rhenunaturaleza.cl\/#\/schema\/logo\/image\/\",\"url\":\"https:\/\/www.rhenunaturaleza.cl\/wp-content\/uploads\/2026\/03\/cropped-cropped-2.webp\",\"contentUrl\":\"https:\/\/www.rhenunaturaleza.cl\/wp-content\/uploads\/2026\/03\/cropped-cropped-2.webp\",\"width\":1074,\"height\":1112,\"caption\":\"Rhen\u00fc Naturaleza\"},\"image\":{\"@id\":\"https:\/\/www.rhenunaturaleza.cl\/#\/schema\/logo\/image\/\"}}]}<\/script>\n<!-- \/ Yoast SEO plugin. -->","yoast_head_json":{"title":"AstroTour: Cielo Profundo - Rhen\u00fc Naturaleza","robots":{"index":"index","follow":"follow","max-snippet":"max-snippet:-1","max-image-preview":"max-image-preview:large","max-video-preview":"max-video-preview:-1"},"canonical":"https:\/\/www.rhenunaturaleza.cl\/en\/product\/astrotour-cielo-profundo\/","og_locale":"en_US","og_type":"article","og_title":"AstroTour: Cielo Profundo - Rhen\u00fc Naturaleza","og_description":"Cantidad m\u00ednima: 3 personas Cantidad m\u00e1xima: 12 personas","og_url":"https:\/\/www.rhenunaturaleza.cl\/en\/product\/astrotour-cielo-profundo\/","og_site_name":"Rhen\u00fc Naturaleza","article_modified_time":"2026-02-19T17:33:57+00:00","og_image":[{"width":600,"height":480,"url":"https:\/\/www.rhenunaturaleza.cl\/wp-content\/uploads\/2026\/02\/1-1.webp","type":"image\/webp"}],"twitter_card":"summary_large_image","schema":{"@context":"https:\/\/schema.org","@graph":[{"@type":"WebPage","@id":"https:\/\/www.rhenunaturaleza.cl\/en\/product\/astrotour-cielo-profundo\/","url":"https:\/\/www.rhenunaturaleza.cl\/en\/product\/astrotour-cielo-profundo\/","name":"AstroTour: Cielo Profundo - Rhen\u00fc Naturaleza","isPartOf":{"@id":"https:\/\/www.rhenunaturaleza.cl\/#website"},"primaryImageOfPage":{"@id":"https:\/\/www.rhenunaturaleza.cl\/en\/product\/astrotour-cielo-profundo\/#primaryimage"},"image":{"@id":"https:\/\/www.rhenunaturaleza.cl\/en\/product\/astrotour-cielo-profundo\/#primaryimage"},"thumbnailUrl":"https:\/\/www.rhenunaturaleza.cl\/wp-content\/uploads\/2026\/02\/1-1.webp","datePublished":"2026-02-11T18:57:11+00:00","dateModified":"2026-02-19T17:33:57+00:00","breadcrumb":{"@id":"https:\/\/www.rhenunaturaleza.cl\/en\/product\/astrotour-cielo-profundo\/#breadcrumb"},"inLanguage":"en-US","potentialAction":[{"@type":"ReadAction","target":["https:\/\/www.rhenunaturaleza.cl\/en\/product\/astrotour-cielo-profundo\/"]}]},{"@type":"ImageObject","inLanguage":"en-US","@id":"https:\/\/www.rhenunaturaleza.cl\/en\/product\/astrotour-cielo-profundo\/#primaryimage","url":"https:\/\/www.rhenunaturaleza.cl\/wp-content\/uploads\/2026\/02\/1-1.webp","contentUrl":"https:\/\/www.rhenunaturaleza.cl\/wp-content\/uploads\/2026\/02\/1-1.webp","width":600,"height":480},{"@type":"BreadcrumbList","@id":"https:\/\/www.rhenunaturaleza.cl\/en\/product\/astrotour-cielo-profundo\/#breadcrumb","itemListElement":[{"@type":"ListItem","position":1,"name":"Portada","item":"https:\/\/www.rhenunaturaleza.cl\/"},{"@type":"ListItem","position":2,"name":"Experiencias","item":"https:\/\/www.rhenunaturaleza.cl\/tienda\/"},{"@type":"ListItem","position":3,"name":"AstroTour: Cielo Profundo"}]},{"@type":"WebSite","@id":"https:\/\/www.rhenunaturaleza.cl\/#website","url":"https:\/\/www.rhenunaturaleza.cl\/","name":"Rhen\u00fc Nature","description":"Tours Caj\u00f3n del Maipo","publisher":{"@id":"https:\/\/www.rhenunaturaleza.cl\/#organization"},"potentialAction":[{"@type":"SearchAction","target":{"@type":"EntryPoint","urlTemplate":"https:\/\/www.rhenunaturaleza.cl\/?s={search_term_string}"},"query-input":{"@type":"PropertyValueSpecification","valueRequired":true,"valueName":"search_term_string"}}],"inLanguage":"en-US"},{"@type":"Organization","@id":"https:\/\/www.rhenunaturaleza.cl\/#organization","name":"Rhen\u00fc Nature","url":"https:\/\/www.rhenunaturaleza.cl\/","logo":{"@type":"ImageObject","inLanguage":"en-US","@id":"https:\/\/www.rhenunaturaleza.cl\/#\/schema\/logo\/image\/","url":"https:\/\/www.rhenunaturaleza.cl\/wp-content\/uploads\/2026\/03\/cropped-cropped-2.webp","contentUrl":"https:\/\/www.rhenunaturaleza.cl\/wp-content\/uploads\/2026\/03\/cropped-cropped-2.webp","width":1074,"height":1112,"caption":"Rhen\u00fc Naturaleza"},"image":{"@id":"https:\/\/www.rhenunaturaleza.cl\/#\/schema\/logo\/image\/"}}]}},"_links":{"self":[{"href":"https:\/\/www.rhenunaturaleza.cl\/en\/wp-json\/wp\/v2\/product\/203","targetHints":{"allow":["GET"]}}],"collection":[{"href":"https:\/\/www.rhenunaturaleza.cl\/en\/wp-json\/wp\/v2\/product"}],"about":[{"href":"https:\/\/www.rhenunaturaleza.cl\/en\/wp-json\/wp\/v2\/types\/product"}],"replies":[{"embeddable":true,"href":"https:\/\/www.rhenunaturaleza.cl\/en\/wp-json\/wp\/v2\/comments?post=203"}],"wp:featuredmedia":[{"embeddable":true,"href":"https:\/\/www.rhenunaturaleza.cl\/en\/wp-json\/wp\/v2\/media\/564"}],"wp:attachment":[{"href":"https:\/\/www.rhenunaturaleza.cl\/en\/wp-json\/wp\/v2\/media?parent=203"}],"wp:term":[{"taxonomy":"product_brand","embeddable":true,"href":"https:\/\/www.rhenunaturaleza.cl\/en\/wp-json\/wp\/v2\/product_brand?post=203"},{"taxonomy":"product_cat","embeddable":true,"href":"https:\/\/www.rhenunaturaleza.cl\/en\/wp-json\/wp\/v2\/product_cat?post=203"},{"taxonomy":"product_tag","embeddable":true,"href":"https:\/\/www.rhenunaturaleza.cl\/en\/wp-json\/wp\/v2\/product_tag?post=203"}],"curies":[{"name":"wp","href":"https:\/\/api.w.org\/{rel}","templated":true}]}}